{"id":5010,"date":"2015-06-24T07:47:48","date_gmt":"2015-06-24T06:47:48","guid":{"rendered":"http:\/\/test.tekaonline.com\/?page_id=5010"},"modified":"2019-04-02T13:45:14","modified_gmt":"2019-04-02T12:45:14","slug":"cookie-policy","status":"publish","type":"page","link":"https:\/\/tekaonline.com\/es\/cookie-policy\/","title":{"rendered":"Cookie-policy"},"content":{"rendered":"<h1>Pol\u00edtica de cookies<\/h1>\n<h2>Informaci\u00f3n ampliada sobre las cookies.<\/h2>\n<h3>\u00bfQu\u00e9 son las cookies?<\/h3>\n<p>Las cookies son peque\u00f1os archivos de texto que los sitios visitados por los usuarios env\u00edan a sus terminales, donde se almacenan para ser retransmitidos a los mismos sitios en visitas posteriores. Las cookies se utilizan para diferentes prop\u00f3sitos, tienen diferentes caracter\u00edsticas y pueden ser utilizadas tanto por el propietario del sitio que est\u00e1 visitando como por terceros. A continuaci\u00f3n encontrar\u00e1 toda la informaci\u00f3n sobre las cookies instaladas a trav\u00e9s de este sitio.<br \/>\nPara obtener m\u00e1s informaci\u00f3n sobre las cookies y sus funciones generales, visite un sitio web informativo como allaboutcookies.org.<\/p>\n<h3>Cookies utilizadas por este sitio<\/h3>\n<p>El uso de cookies por el propietario de este sitio, la empresa Teka s.r.l. Piazza Alessandro Volta 7, 52041, Pieve al toppo, (AR) ITALIA &#8211; en la persona del representante legal pro-tempore, es parte de la Pol\u00edtica de privacidad de la misma; Para toda la informaci\u00f3n requerida por el art. 13 del Reglamento (UE) 2016\/679.<\/p>\n<h4>1. Cookies t\u00e9cnicas que no requieren consentimiento:<\/h4>\n<p>Todas las cookies t\u00e9cnicas no requieren consentimiento, por lo que se instalan autom\u00e1ticamente luego del acceso al sitio. Se utilizan las siguientes cookies t\u00e9cnicas o t\u00e9cnicas que no requieren consentimiento:<\/p>\n<h5>1.1 Cookies relacionadas con actividades estrictamente necesarias para el funcionamiento del sitio y la prestaci\u00f3n del servicio:<\/h5>\n<p>nadie<\/p>\n<h5>1.2. Cookies para guardar preferencias y actividades de optimizaci\u00f3n:<\/h5>\n<p>qtrans_front_language: cookie t\u00e9cnica utilizada para guardar las preferencias de idioma<br \/>\ncookie_notice_accepted: cookie t\u00e9cnica utilizada para almacenar la aceptaci\u00f3n de la pol\u00edtica de cookies por parte del usuario. Esto es para evitar que el banner vuelva a aparecer durante las visitas posteriores.<br \/>\n_ga, _gat, _gali, _gid: cookies t\u00e9cnicas ingresadas por Google Analytics y utilizadas de forma an\u00f3nima (consulte el p\u00e1rrafo 2)<\/p>\n<h4>2. Cookies para las que se requiere el consentimiento.<\/h4>\n<p>Todas las cookies, excepto las t\u00e9cnicas mencionadas anteriormente, se instalan o activan solo despu\u00e9s del consentimiento expreso del usuario la primera vez que visitan el sitio.<br \/>\nEste sitio web no instala cookies de terceros que requieren el consentimiento expreso del usuario.<br \/>\nDe hecho, para las cookies anal\u00edticas puestas a disposici\u00f3n por terceros, los propietarios no est\u00e1n sujetos a obligaciones si:<br \/>\nA) se adoptan instrumentos que reducen el poder de identificaci\u00f3n de las cookies (por ejemplo, mediante el enmascaramiento de partes significativas de la IP: anonimizaci\u00f3n);<br \/>\nB) el tercero se compromete a no cotejar la informaci\u00f3n contenida en las cookies con otras que ya tiene.<br \/>\nPara cumplir los requisitos enumerados anteriormente en los puntos A) y B):<br \/>\nA) para anonimizar la IP de las cookies de Google Analytics, las instrucciones proporcionadas por Google se siguieron en el siguiente enlace:<br \/>\nhttps:\/\/support.google.com\/analytics\/answer\/2905384?hl=it<br \/>\nB) para deshabilitar el intercambio de datos recopilados con Google, las instrucciones proporcionadas por Google se siguieron en el siguiente enlace:<br \/>\nhttps:\/\/support.google.com\/analytics\/answer\/1011397?hl=it","protected":false},"excerpt":{"rendered":"<p>Pol\u00edtica de cookies Informaci\u00f3n ampliada sobre las cookies. \u00bfQu\u00e9 son las cookies? Las cookies son peque\u00f1os archivos de texto que los sitios visitados por los usuarios env\u00edan a sus terminales,&#8230;<\/p>\n","protected":false},"author":1,"featured_media":0,"parent":0,"menu_order":0,"comment_status":"closed","ping_status":"closed","template":"","meta":{"footnotes":""},"class_list":["post-5010","page","type-page","status-publish"],"yoast_head":"<!-- This site is optimized with the Yoast SEO plugin v24.8.1 - https:\/\/yoast.com\/wordpress\/plugins\/seo\/ -->\n<title>Cookie-policy - tekaonline.com<\/title>\n<meta name=\"robots\" content=\"index, follow, max-snippet:-1, max-image-preview:large, max-video-preview:-1\" \/>\n<link rel=\"canonical\" href=\"https:\/\/tekaonline.com\/en\/cookie-policy\/\" \/>\n<meta property=\"og:locale\" content=\"es_ES\" \/>\n<meta property=\"og:type\" content=\"article\" \/>\n<meta property=\"og:title\" content=\"Cookie-policy - tekaonline.com\" \/>\n<meta property=\"og:description\" content=\"Pol\u00edtica de cookies Informaci\u00f3n ampliada sobre las cookies. \u00bfQu\u00e9 son las cookies? Las cookies son peque\u00f1os archivos de texto que los sitios visitados por los usuarios env\u00edan a sus terminales,...\" \/>\n<meta property=\"og:url\" content=\"https:\/\/tekaonline.com\/en\/cookie-policy\/\" \/>\n<meta property=\"og:site_name\" content=\"tekaonline.com\" \/>\n<meta property=\"article:publisher\" content=\"https:\/\/www.facebook.com\/teka.meccanica\" \/>\n<meta property=\"article:modified_time\" content=\"2019-04-02T12:45:14+00:00\" \/>\n<meta name=\"twitter:label1\" content=\"Tiempo de lectura\" \/>\n\t<meta name=\"twitter:data1\" content=\"7 minutos\" \/>\n<script type=\"application\/ld+json\" class=\"yoast-schema-graph\">{\"@context\":\"https:\/\/schema.org\",\"@graph\":[{\"@type\":\"WebPage\",\"@id\":\"https:\/\/tekaonline.com\/en\/cookie-policy\/\",\"url\":\"https:\/\/tekaonline.com\/en\/cookie-policy\/\",\"name\":\"Cookie-policy - tekaonline.com\",\"isPartOf\":{\"@id\":\"https:\/\/tekaonline.com\/it\/#website\"},\"datePublished\":\"2015-06-24T06:47:48+00:00\",\"dateModified\":\"2019-04-02T12:45:14+00:00\",\"breadcrumb\":{\"@id\":\"https:\/\/tekaonline.com\/en\/cookie-policy\/#breadcrumb\"},\"inLanguage\":\"es\",\"potentialAction\":[{\"@type\":\"ReadAction\",\"target\":[\"https:\/\/tekaonline.com\/en\/cookie-policy\/\"]}]},{\"@type\":\"BreadcrumbList\",\"@id\":\"https:\/\/tekaonline.com\/en\/cookie-policy\/#breadcrumb\",\"itemListElement\":[{\"@type\":\"ListItem\",\"position\":1,\"name\":\"Home\",\"item\":\"https:\/\/tekaonline.com\/it\/\"},{\"@type\":\"ListItem\",\"position\":2,\"name\":\"Cookie-policy\"}]},{\"@type\":\"WebSite\",\"@id\":\"https:\/\/tekaonline.com\/it\/#website\",\"url\":\"https:\/\/tekaonline.com\/it\/\",\"name\":\"tekaonline.com\",\"description\":\"stamping tools & jewellery making machines\",\"potentialAction\":[{\"@type\":\"SearchAction\",\"target\":{\"@type\":\"EntryPoint\",\"urlTemplate\":\"https:\/\/tekaonline.com\/it\/?s={search_term_string}\"},\"query-input\":{\"@type\":\"PropertyValueSpecification\",\"valueRequired\":true,\"valueName\":\"search_term_string\"}}],\"inLanguage\":\"es\"}]}<\/script>\n<!-- \/ Yoast SEO plugin. -->","yoast_head_json":{"title":"Cookie-policy - tekaonline.com","robots":{"index":"index","follow":"follow","max-snippet":"max-snippet:-1","max-image-preview":"max-image-preview:large","max-video-preview":"max-video-preview:-1"},"canonical":"https:\/\/tekaonline.com\/en\/cookie-policy\/","og_locale":"es_ES","og_type":"article","og_title":"Cookie-policy - tekaonline.com","og_description":"Pol\u00edtica de cookies Informaci\u00f3n ampliada sobre las cookies. \u00bfQu\u00e9 son las cookies? Las cookies son peque\u00f1os archivos de texto que los sitios visitados por los usuarios env\u00edan a sus terminales,...","og_url":"https:\/\/tekaonline.com\/en\/cookie-policy\/","og_site_name":"tekaonline.com","article_publisher":"https:\/\/www.facebook.com\/teka.meccanica","article_modified_time":"2019-04-02T12:45:14+00:00","twitter_misc":{"Tiempo de lectura":"7 minutos"},"schema":{"@context":"https:\/\/schema.org","@graph":[{"@type":"WebPage","@id":"https:\/\/tekaonline.com\/en\/cookie-policy\/","url":"https:\/\/tekaonline.com\/en\/cookie-policy\/","name":"Cookie-policy - tekaonline.com","isPartOf":{"@id":"https:\/\/tekaonline.com\/it\/#website"},"datePublished":"2015-06-24T06:47:48+00:00","dateModified":"2019-04-02T12:45:14+00:00","breadcrumb":{"@id":"https:\/\/tekaonline.com\/en\/cookie-policy\/#breadcrumb"},"inLanguage":"es","potentialAction":[{"@type":"ReadAction","target":["https:\/\/tekaonline.com\/en\/cookie-policy\/"]}]},{"@type":"BreadcrumbList","@id":"https:\/\/tekaonline.com\/en\/cookie-policy\/#breadcrumb","itemListElement":[{"@type":"ListItem","position":1,"name":"Home","item":"https:\/\/tekaonline.com\/it\/"},{"@type":"ListItem","position":2,"name":"Cookie-policy"}]},{"@type":"WebSite","@id":"https:\/\/tekaonline.com\/it\/#website","url":"https:\/\/tekaonline.com\/it\/","name":"tekaonline.com","description":"stamping tools & jewellery making machines","potentialAction":[{"@type":"SearchAction","target":{"@type":"EntryPoint","urlTemplate":"https:\/\/tekaonline.com\/it\/?s={search_term_string}"},"query-input":{"@type":"PropertyValueSpecification","valueRequired":true,"valueName":"search_term_string"}}],"inLanguage":"es"}]}},"_links":{"self":[{"href":"https:\/\/tekaonline.com\/es\/wp-json\/wp\/v2\/pages\/5010","targetHints":{"allow":["GET"]}}],"collection":[{"href":"https:\/\/tekaonline.com\/es\/wp-json\/wp\/v2\/pages"}],"about":[{"href":"https:\/\/tekaonline.com\/es\/wp-json\/wp\/v2\/types\/page"}],"author":[{"embeddable":true,"href":"https:\/\/tekaonline.com\/es\/wp-json\/wp\/v2\/users\/1"}],"replies":[{"embeddable":true,"href":"https:\/\/tekaonline.com\/es\/wp-json\/wp\/v2\/comments?post=5010"}],"version-history":[{"count":0,"href":"https:\/\/tekaonline.com\/es\/wp-json\/wp\/v2\/pages\/5010\/revisions"}],"wp:attachment":[{"href":"https:\/\/tekaonline.com\/es\/wp-json\/wp\/v2\/media?parent=5010"}],"curies":[{"name":"wp","href":"https:\/\/api.w.org\/{rel}","templated":true}]}}