{"id":541,"date":"2013-03-23T13:05:30","date_gmt":"2013-03-23T13:05:30","guid":{"rendered":"http:\/\/themenectar.com\/demo\/salient\/?page_id=20"},"modified":"2017-10-20T10:59:58","modified_gmt":"2017-10-20T09:59:58","slug":"about-the-company","status":"publish","type":"page","link":"https:\/\/tekaonline.com\/es\/about-the-company\/","title":{"rendered":"Acerca de Teka &#8211; fabricaci\u00f3n de moldes y maquinaria para joyer\u00eda"},"content":{"rendered":"<div class=\"col span_4\" data-animation=\"\" data-delay=\"0\">[vc_column_text]\n<h2>Nuestra historia<\/h2>\n<p>Producimos\u00a0<strong>matrices<\/strong>\u00a0y\u00a0<strong>m\u00e1quinas para orfebrer\u00eda<\/strong>. Nuestra empresa nace a inicios de los a\u00f1os 80 y se distingue gracias a la calidad de sus productos. El camino que lleva a la empresa hasta nuestros d\u00edas habla de profesionalidad y constancia. Hoy en un mercado que se ha transformado en un mercado global y profundamente cambiado, TEKA es una empresa que ha sabido transformarse para seguir siendo competitiva. Una realidad din\u00e1mica y vers\u00e1til: nuevas y eficientes maquinarias concebidas espec\u00edficamente para el servicio\u00a0<strong>orfebre<\/strong>\u00a0y la voluntad de ofrecer al cliente un servicio personalizado.<\/p>\n<p>La ya consolidada experiencia en el sector de las\u00a0<strong>matrices<\/strong>\u00a0ha sido acompa\u00f1ada y reforzada por el desarrollo de sistemas de automatizaci\u00f3n para los procesos productivos <strong>orfebres<\/strong>\u00a0y\u00a0<strong>plateros<\/strong>. La producci\u00f3n de la empresa comprende la casi totalidad de los equipos y de los accesorios para el moldeado de\u00a0<strong>metales preciosos<\/strong>: matrices para<strong>cadenas enganchadas<\/strong>, para\u00a0<strong>pendientes<\/strong>,\u00a0<strong>anillos<\/strong>,\u00a0<strong>medallas<\/strong>,\u00a0<strong>sellos<\/strong>\u00a0y\u00a0<strong>marcas de identificaci\u00f3n<\/strong>,\u00a0<strong>prensas<\/strong>\u00a0para el moldeo de metales preciosos, sistemas de\u00a0<strong>marcado para lingotes<\/strong>, m\u00e1quinas fresadoras de hilo y plancha, las nuevas y modernas\u00a0<strong>soldadoras electr\u00f3nicas<\/strong>.<\/p>\n<p>Hoy la atenci\u00f3n de la empresa est\u00e1 dirigida al desarrollo continuo de la investigaci\u00f3n experimentando nuevas soluciones que, apuntando al desarrollo tecnol\u00f3gico, tienen la finalidad de proporcionar servicios y productos cada vez mejores.<\/p>\n[\/vc_column_text]<\/div><div class=\"col span_8 col_last\" data-animation=\"\" data-delay=\"0\">[vc_column_text]\n<h2>Calidad<\/h2>\n<p>Ofrecer productos de alta calidad es parte de nuestra filosof\u00eda, usamos maquinarias de control num\u00e9rico de alt\u00edsima precisi\u00f3n, s\u00f3lo los mejores componentes y las mejores materias primas y ejecutamos cuidadosos controles de calidad post-producci\u00f3n que se refieren a la medici\u00f3n de la dureza de los aceros y pruebas de producci\u00f3n.<\/p>\n<p>Esto nos permite entregar en las manos del cliente equipos y m\u00e1quinas confiables y listas para producir eficazmente. Tratamos que nuestras\u00a0<strong>matrices<\/strong>\u00a0y nuestras<strong>maquinarias<\/strong>\u00a0sean no s\u00f3lo fiables sino tambi\u00e9n simples e intuitivas de usar.<\/p>\n<p>Nuestros manuales son claros y habitualmente disponen de un v\u00eddeo de instrucci\u00f3n, todo ello para garantizar al cliente una producci\u00f3n r\u00e1pida, segura y rentable. Nuestros productos son concebidos siempre para ser exportados y usados sin asistencia durante per\u00edodos prolongados tambi\u00e9n en los lugares m\u00e1s distantes.<\/p>\n<p>Por este motivo, en cada m\u00e1quina o matriz producida, est\u00e1n presentes y incluidos en el precio inicial los repuestos para las piezas principales de consumo. Ofrecemos una <strong>garant\u00eda de 12 meses<\/strong>\u00a0en toda nuestra l\u00ednea. Los repuestos tienen prioridad en nuestro ciclo productivo y generalmente se env\u00edan en pocos d\u00edas.<\/p>\n \r\n\t\t<div class=\"nectar-progress-bar\">\r\n\t\t\t<p>Confiabilidad<\/p>\r\n\t\t\t<div class=\"bar-wrap\"><span class=\"accent-color\" data-width=\"99\"> <strong><i>99<\/i>%<\/strong> <\/span><\/div>\r\n\t\t<\/div> \r\n\t\t<div class=\"nectar-progress-bar\">\r\n\t\t\t<p>Facilidad de uso<\/p>\r\n\t\t\t<div class=\"bar-wrap\"><span class=\"accent-color\" data-width=\"98\"> <strong><i>98<\/i>%<\/strong> <\/span><\/div>\r\n\t\t<\/div> \r\n\t\t<div class=\"nectar-progress-bar\">\r\n\t\t\t<p>Equipamiento de serie<\/p>\r\n\t\t\t<div class=\"bar-wrap\"><span class=\"accent-color\" data-width=\"100\"> <strong><i>100<\/i>%<\/strong> <\/span><\/div>\r\n\t\t<\/div> \r\n\t\t<div class=\"nectar-progress-bar\">\r\n\t\t\t<p>Servicio Post-Venta<\/p>\r\n\t\t\t<div class=\"bar-wrap\"><span class=\"accent-color\" data-width=\"98\"> <strong><i>98<\/i>%<\/strong> <\/span><\/div>\r\n\t\t<\/div> \r\n\t\t<div class=\"nectar-progress-bar\">\r\n\t\t\t<p>Velocidad de producci\u00f3n de los repuestos<\/p>\r\n\t\t\t<div class=\"bar-wrap\"><span class=\"accent-color\" data-width=\"85\"> <strong><i>85<\/i>%<\/strong> <\/span><\/div>\r\n\t\t<\/div> [\/vc_column_text]<\/div><div class=\"clear\"><\/div>[divider line_type=\u00bbNo Line\u00bb][full_width_section image_url=\u00bbhttp:\/\/themenectar.com\/demo\/salient\/wp-content\/uploads\/2013\/06\/about-testimonials-bg.jpg\u00bb bg_pos=\u00bbCenter Center\u00bb parallax_bg=\u00bbtrue\u00bb text_color=\u00bbLight\u00bb top_padding=\u00bb100&#8243; bottom_padding=\u00bb90&#8243;][testimonial_slider style=\u00bbdefault\u00bb star_rating_color=\u00bbaccent-color\u00bb][testimonial star_rating=\u00bbnone\u00bb name=\u00bbGabriele Testi, Teka\u00bb quote=\u00bbWe produce dies and machinery for jewellery. Our company was born in the early 1980\u2019s and is distinguished due to the quality of the products. The path leading the company to where it stands today, consists of professionalism and constancy. Today, in a market which has changed very much and has become worldwide, TEKA is a company that has known how to transform itself in order to remain competitive.\u00bb id=\u00bbt1&#8243; tab_id=\u00bb1508492291941-0&#8243; title=\u00bbTestimonial\u00bb][\/testimonial][testimonial star_rating=\u00bbnone\u00bb name=\u00bbGabriele Testi, Teka\u00bb quote=\u00bbThis transformation has become dynamic and versatile: new and efficient machinery, designed specifically for the goldsmith industry and the willingness to offer clients a personalised service. The consolidated experience we have in the stamping field today, has been supported and reinforced by the development of automation systems forgoldsmith and silversmith manufacturing processes. The company\u2019s production consists of almost all the equipment and accessories for dies in relation to precious metals: stamps for link chains, earrings, rings and medals, stamps and identification marks, stamping presses, stamping systems for ingots, wire and sheet metal profiling machines, new and modern electronic solders.\u00bb id=\u00bbt2&#8243; tab_id=\u00bb1508492291983-5&#8243; title=\u00bbTestimonial\u00bb][\/testimonial][testimonial star_rating=\u00bbnone\u00bb name=\u00bbGabriele Testi, Teka\u00bb quote=\u00bbToday, the company\u2019s attention is drawn towards the continuous development of research, experimenting new solutions and focusing on technological development, and their intention is to provide continuously improved services and products.\u00bb id=\u00bbt3&#8243; tab_id=\u00bb1508492292019-10&#8243;][\/testimonial][\/testimonial_slider][\/full_width_section]","protected":false},"excerpt":{"rendered":"<p>[divider line_type=\u00bbNo Line\u00bb][full_width_section image_url=\u00bbhttp:\/\/themenectar.com\/demo\/salient\/wp-content\/uploads\/2013\/06\/about-testimonials-bg.jpg\u00bb bg_pos=\u00bbCenter Center\u00bb parallax_bg=\u00bbtrue\u00bb text_color=\u00bbLight\u00bb top_padding=\u00bb100&#8243; bottom_padding=\u00bb90&#8243;][testimonial_slider style=\u00bbdefault\u00bb star_rating_color=\u00bbaccent-color\u00bb][testimonial star_rating=\u00bbnone\u00bb name=\u00bbGabriele Testi, Teka\u00bb quote=\u00bbWe produce dies and machinery for jewellery. Our company was born in the early&#8230;<\/p>\n","protected":false},"author":1,"featured_media":0,"parent":0,"menu_order":0,"comment_status":"closed","ping_status":"closed","template":"","meta":{"footnotes":""},"class_list":["post-541","page","type-page","status-publish"],"yoast_head":"<!-- This site is optimized with the Yoast SEO plugin v24.8.1 - https:\/\/yoast.com\/wordpress\/plugins\/seo\/ -->\n<title>Teka meccanicca Stampi per Oreficeria<\/title>\n<meta name=\"description\" content=\"I nostri stampi e i nostri macchinari non sono solo affidabili ma anche semplici e intuitivi da usare, i nostri manuali sono chiari e supportati da video di istruzione, per garantire al cliente una rapida, e proficua produzione.\" \/>\n<meta name=\"robots\" content=\"index, follow, max-snippet:-1, max-image-preview:large, max-video-preview:-1\" \/>\n<link rel=\"canonical\" href=\"https:\/\/tekaonline.com\/es\/about-the-company\/\" \/>\n<meta property=\"og:locale\" content=\"es_ES\" \/>\n<meta property=\"og:type\" content=\"article\" \/>\n<meta property=\"og:title\" content=\"Teka meccanicca Stampi per Oreficeria\" \/>\n<meta property=\"og:description\" content=\"I nostri stampi e i nostri macchinari non sono solo affidabili ma anche semplici e intuitivi da usare, i nostri manuali sono chiari e supportati da video di istruzione, per garantire al cliente una rapida, e proficua produzione.\" \/>\n<meta property=\"og:url\" content=\"https:\/\/tekaonline.com\/es\/about-the-company\/\" \/>\n<meta property=\"og:site_name\" content=\"tekaonline.com\" \/>\n<meta property=\"article:publisher\" content=\"https:\/\/www.facebook.com\/teka.meccanica\" \/>\n<meta property=\"article:modified_time\" content=\"2017-10-20T09:59:58+00:00\" \/>\n<meta name=\"twitter:label1\" content=\"Tiempo de lectura\" \/>\n\t<meta name=\"twitter:data1\" content=\"13 minutos\" \/>\n<script type=\"application\/ld+json\" class=\"yoast-schema-graph\">{\"@context\":\"https:\/\/schema.org\",\"@graph\":[{\"@type\":\"WebPage\",\"@id\":\"https:\/\/tekaonline.com\/es\/about-the-company\/\",\"url\":\"https:\/\/tekaonline.com\/es\/about-the-company\/\",\"name\":\"Teka meccanicca Stampi per Oreficeria\",\"isPartOf\":{\"@id\":\"https:\/\/tekaonline.com\/it\/#website\"},\"datePublished\":\"2013-03-23T13:05:30+00:00\",\"dateModified\":\"2017-10-20T09:59:58+00:00\",\"description\":\"I nostri stampi e i nostri macchinari non sono solo affidabili ma anche semplici e intuitivi da usare, i nostri manuali sono chiari e supportati da video di istruzione, per garantire al cliente una rapida, e proficua produzione.\",\"breadcrumb\":{\"@id\":\"https:\/\/tekaonline.com\/es\/about-the-company\/#breadcrumb\"},\"inLanguage\":\"es\",\"potentialAction\":[{\"@type\":\"ReadAction\",\"target\":[\"https:\/\/tekaonline.com\/es\/about-the-company\/\"]}]},{\"@type\":\"BreadcrumbList\",\"@id\":\"https:\/\/tekaonline.com\/es\/about-the-company\/#breadcrumb\",\"itemListElement\":[{\"@type\":\"ListItem\",\"position\":1,\"name\":\"Home\",\"item\":\"https:\/\/tekaonline.com\/it\/\"},{\"@type\":\"ListItem\",\"position\":2,\"name\":\"Acerca de Teka &#8211; fabricaci\u00f3n de moldes y maquinaria para joyer\u00eda\"}]},{\"@type\":\"WebSite\",\"@id\":\"https:\/\/tekaonline.com\/it\/#website\",\"url\":\"https:\/\/tekaonline.com\/it\/\",\"name\":\"tekaonline.com\",\"description\":\"stamping tools & jewellery making machines\",\"potentialAction\":[{\"@type\":\"SearchAction\",\"target\":{\"@type\":\"EntryPoint\",\"urlTemplate\":\"https:\/\/tekaonline.com\/it\/?s={search_term_string}\"},\"query-input\":{\"@type\":\"PropertyValueSpecification\",\"valueRequired\":true,\"valueName\":\"search_term_string\"}}],\"inLanguage\":\"es\"}]}<\/script>\n<!-- \/ Yoast SEO plugin. -->","yoast_head_json":{"title":"Teka meccanicca Stampi per Oreficeria","description":"I nostri stampi e i nostri macchinari non sono solo affidabili ma anche semplici e intuitivi da usare, i nostri manuali sono chiari e supportati da video di istruzione, per garantire al cliente una rapida, e proficua produzione.","robots":{"index":"index","follow":"follow","max-snippet":"max-snippet:-1","max-image-preview":"max-image-preview:large","max-video-preview":"max-video-preview:-1"},"canonical":"https:\/\/tekaonline.com\/es\/about-the-company\/","og_locale":"es_ES","og_type":"article","og_title":"Teka meccanicca Stampi per Oreficeria","og_description":"I nostri stampi e i nostri macchinari non sono solo affidabili ma anche semplici e intuitivi da usare, i nostri manuali sono chiari e supportati da video di istruzione, per garantire al cliente una rapida, e proficua produzione.","og_url":"https:\/\/tekaonline.com\/es\/about-the-company\/","og_site_name":"tekaonline.com","article_publisher":"https:\/\/www.facebook.com\/teka.meccanica","article_modified_time":"2017-10-20T09:59:58+00:00","twitter_misc":{"Tiempo de lectura":"13 minutos"},"schema":{"@context":"https:\/\/schema.org","@graph":[{"@type":"WebPage","@id":"https:\/\/tekaonline.com\/es\/about-the-company\/","url":"https:\/\/tekaonline.com\/es\/about-the-company\/","name":"Teka meccanicca Stampi per Oreficeria","isPartOf":{"@id":"https:\/\/tekaonline.com\/it\/#website"},"datePublished":"2013-03-23T13:05:30+00:00","dateModified":"2017-10-20T09:59:58+00:00","description":"I nostri stampi e i nostri macchinari non sono solo affidabili ma anche semplici e intuitivi da usare, i nostri manuali sono chiari e supportati da video di istruzione, per garantire al cliente una rapida, e proficua produzione.","breadcrumb":{"@id":"https:\/\/tekaonline.com\/es\/about-the-company\/#breadcrumb"},"inLanguage":"es","potentialAction":[{"@type":"ReadAction","target":["https:\/\/tekaonline.com\/es\/about-the-company\/"]}]},{"@type":"BreadcrumbList","@id":"https:\/\/tekaonline.com\/es\/about-the-company\/#breadcrumb","itemListElement":[{"@type":"ListItem","position":1,"name":"Home","item":"https:\/\/tekaonline.com\/it\/"},{"@type":"ListItem","position":2,"name":"Acerca de Teka &#8211; fabricaci\u00f3n de moldes y maquinaria para joyer\u00eda"}]},{"@type":"WebSite","@id":"https:\/\/tekaonline.com\/it\/#website","url":"https:\/\/tekaonline.com\/it\/","name":"tekaonline.com","description":"stamping tools & jewellery making machines","potentialAction":[{"@type":"SearchAction","target":{"@type":"EntryPoint","urlTemplate":"https:\/\/tekaonline.com\/it\/?s={search_term_string}"},"query-input":{"@type":"PropertyValueSpecification","valueRequired":true,"valueName":"search_term_string"}}],"inLanguage":"es"}]}},"_links":{"self":[{"href":"https:\/\/tekaonline.com\/es\/wp-json\/wp\/v2\/pages\/541","targetHints":{"allow":["GET"]}}],"collection":[{"href":"https:\/\/tekaonline.com\/es\/wp-json\/wp\/v2\/pages"}],"about":[{"href":"https:\/\/tekaonline.com\/es\/wp-json\/wp\/v2\/types\/page"}],"author":[{"embeddable":true,"href":"https:\/\/tekaonline.com\/es\/wp-json\/wp\/v2\/users\/1"}],"replies":[{"embeddable":true,"href":"https:\/\/tekaonline.com\/es\/wp-json\/wp\/v2\/comments?post=541"}],"version-history":[{"count":0,"href":"https:\/\/tekaonline.com\/es\/wp-json\/wp\/v2\/pages\/541\/revisions"}],"wp:attachment":[{"href":"https:\/\/tekaonline.com\/es\/wp-json\/wp\/v2\/media?parent=541"}],"curies":[{"name":"wp","href":"https:\/\/api.w.org\/{rel}","templated":true}]}}