{"id":661,"date":"2013-10-09T07:34:13","date_gmt":"2013-10-09T07:34:13","guid":{"rendered":"http:\/\/test.tekaonline.com\/?page_id=661"},"modified":"2020-12-09T12:57:49","modified_gmt":"2020-12-09T11:57:49","slug":"machinery","status":"publish","type":"page","link":"https:\/\/tekaonline.com\/es\/products\/machinery\/","title":{"rendered":"Maquinaria para joyer\u00eda"},"content":{"rendered":"Teka mec\u00e1nica, siempre atento a los movimientos del mercado, est\u00e1 constantemente en busca de las mejores soluciones y, por tanto, es capaz de ofrecer una amplia gama de maquinaria para la producci\u00f3n de joyas.<br \/>\nDe sencilla y eficaz <a title=\"Pratika hydraulic press ECO series\" href=\"http:\/\/tekaonline.com\/es\/portfolio\/hydraulic-press-for-jewelry\/\">Pratika ECO series<\/a>, las m\u00e1quinas m\u00e1s innovadoras como <a title=\"Easylink linking machine\" href=\"http:\/\/tekaonline.com\/portfolio\/easylink\/\">Easylink<\/a>, capaces de reunir, soldadura, formando una amplia gama de productos.","protected":false},"excerpt":{"rendered":"<p>Teka mec\u00e1nica, siempre atento a los movimientos del mercado, est\u00e1 constantemente en busca de las mejores soluciones y, por tanto, es capaz de ofrecer una amplia gama de maquinaria para&#8230;<\/p>\n","protected":false},"author":1,"featured_media":0,"parent":647,"menu_order":0,"comment_status":"open","ping_status":"closed","template":"template-portfolio.php","meta":{"footnotes":""},"class_list":["post-661","page","type-page","status-publish"],"yoast_head":"<!-- This site is optimized with the Yoast SEO plugin v24.8.1 - https:\/\/yoast.com\/wordpress\/plugins\/seo\/ -->\n<title>Maquinaria para joyer\u00eda - tekaonline.com<\/title>\n<meta name=\"robots\" content=\"index, follow, max-snippet:-1, max-image-preview:large, max-video-preview:-1\" \/>\n<link rel=\"canonical\" href=\"https:\/\/tekaonline.com\/es\/products\/machinery\/\" \/>\n<meta property=\"og:locale\" content=\"es_ES\" \/>\n<meta property=\"og:type\" content=\"article\" \/>\n<meta property=\"og:title\" content=\"Maquinaria para joyer\u00eda - tekaonline.com\" \/>\n<meta property=\"og:description\" content=\"Teka mec\u00e1nica, siempre atento a los movimientos del mercado, est\u00e1 constantemente en busca de las mejores soluciones y, por tanto, es capaz de ofrecer una amplia gama de maquinaria para...\" \/>\n<meta property=\"og:url\" content=\"https:\/\/tekaonline.com\/es\/products\/machinery\/\" \/>\n<meta property=\"og:site_name\" content=\"tekaonline.com\" \/>\n<meta property=\"article:publisher\" content=\"https:\/\/www.facebook.com\/teka.meccanica\" \/>\n<meta property=\"article:modified_time\" content=\"2020-12-09T11:57:49+00:00\" \/>\n<meta name=\"twitter:label1\" content=\"Tiempo de lectura\" \/>\n\t<meta name=\"twitter:data1\" content=\"1 minuto\" \/>\n<script type=\"application\/ld+json\" class=\"yoast-schema-graph\">{\"@context\":\"https:\/\/schema.org\",\"@graph\":[{\"@type\":\"WebPage\",\"@id\":\"https:\/\/tekaonline.com\/es\/products\/machinery\/\",\"url\":\"https:\/\/tekaonline.com\/es\/products\/machinery\/\",\"name\":\"Maquinaria para joyer\u00eda - tekaonline.com\",\"isPartOf\":{\"@id\":\"https:\/\/tekaonline.com\/it\/#website\"},\"datePublished\":\"2013-10-09T07:34:13+00:00\",\"dateModified\":\"2020-12-09T11:57:49+00:00\",\"breadcrumb\":{\"@id\":\"https:\/\/tekaonline.com\/es\/products\/machinery\/#breadcrumb\"},\"inLanguage\":\"es\",\"potentialAction\":[{\"@type\":\"ReadAction\",\"target\":[\"https:\/\/tekaonline.com\/es\/products\/machinery\/\"]}]},{\"@type\":\"BreadcrumbList\",\"@id\":\"https:\/\/tekaonline.com\/es\/products\/machinery\/#breadcrumb\",\"itemListElement\":[{\"@type\":\"ListItem\",\"position\":1,\"name\":\"Home\",\"item\":\"https:\/\/tekaonline.com\/it\/\"},{\"@type\":\"ListItem\",\"position\":2,\"name\":\"Prodotti\",\"item\":\"https:\/\/tekaonline.com\/it\/products\/\"},{\"@type\":\"ListItem\",\"position\":3,\"name\":\"Maquinaria para joyer\u00eda\"}]},{\"@type\":\"WebSite\",\"@id\":\"https:\/\/tekaonline.com\/it\/#website\",\"url\":\"https:\/\/tekaonline.com\/it\/\",\"name\":\"tekaonline.com\",\"description\":\"stamping tools & jewellery making machines\",\"potentialAction\":[{\"@type\":\"SearchAction\",\"target\":{\"@type\":\"EntryPoint\",\"urlTemplate\":\"https:\/\/tekaonline.com\/it\/?s={search_term_string}\"},\"query-input\":{\"@type\":\"PropertyValueSpecification\",\"valueRequired\":true,\"valueName\":\"search_term_string\"}}],\"inLanguage\":\"es\"}]}<\/script>\n<!-- \/ Yoast SEO plugin. -->","yoast_head_json":{"title":"Maquinaria para joyer\u00eda - tekaonline.com","robots":{"index":"index","follow":"follow","max-snippet":"max-snippet:-1","max-image-preview":"max-image-preview:large","max-video-preview":"max-video-preview:-1"},"canonical":"https:\/\/tekaonline.com\/es\/products\/machinery\/","og_locale":"es_ES","og_type":"article","og_title":"Maquinaria para joyer\u00eda - tekaonline.com","og_description":"Teka mec\u00e1nica, siempre atento a los movimientos del mercado, est\u00e1 constantemente en busca de las mejores soluciones y, por tanto, es capaz de ofrecer una amplia gama de maquinaria para...","og_url":"https:\/\/tekaonline.com\/es\/products\/machinery\/","og_site_name":"tekaonline.com","article_publisher":"https:\/\/www.facebook.com\/teka.meccanica","article_modified_time":"2020-12-09T11:57:49+00:00","twitter_misc":{"Tiempo de lectura":"1 minuto"},"schema":{"@context":"https:\/\/schema.org","@graph":[{"@type":"WebPage","@id":"https:\/\/tekaonline.com\/es\/products\/machinery\/","url":"https:\/\/tekaonline.com\/es\/products\/machinery\/","name":"Maquinaria para joyer\u00eda - tekaonline.com","isPartOf":{"@id":"https:\/\/tekaonline.com\/it\/#website"},"datePublished":"2013-10-09T07:34:13+00:00","dateModified":"2020-12-09T11:57:49+00:00","breadcrumb":{"@id":"https:\/\/tekaonline.com\/es\/products\/machinery\/#breadcrumb"},"inLanguage":"es","potentialAction":[{"@type":"ReadAction","target":["https:\/\/tekaonline.com\/es\/products\/machinery\/"]}]},{"@type":"BreadcrumbList","@id":"https:\/\/tekaonline.com\/es\/products\/machinery\/#breadcrumb","itemListElement":[{"@type":"ListItem","position":1,"name":"Home","item":"https:\/\/tekaonline.com\/it\/"},{"@type":"ListItem","position":2,"name":"Prodotti","item":"https:\/\/tekaonline.com\/it\/products\/"},{"@type":"ListItem","position":3,"name":"Maquinaria para joyer\u00eda"}]},{"@type":"WebSite","@id":"https:\/\/tekaonline.com\/it\/#website","url":"https:\/\/tekaonline.com\/it\/","name":"tekaonline.com","description":"stamping tools & jewellery making machines","potentialAction":[{"@type":"SearchAction","target":{"@type":"EntryPoint","urlTemplate":"https:\/\/tekaonline.com\/it\/?s={search_term_string}"},"query-input":{"@type":"PropertyValueSpecification","valueRequired":true,"valueName":"search_term_string"}}],"inLanguage":"es"}]}},"_links":{"self":[{"href":"https:\/\/tekaonline.com\/es\/wp-json\/wp\/v2\/pages\/661","targetHints":{"allow":["GET"]}}],"collection":[{"href":"https:\/\/tekaonline.com\/es\/wp-json\/wp\/v2\/pages"}],"about":[{"href":"https:\/\/tekaonline.com\/es\/wp-json\/wp\/v2\/types\/page"}],"author":[{"embeddable":true,"href":"https:\/\/tekaonline.com\/es\/wp-json\/wp\/v2\/users\/1"}],"replies":[{"embeddable":true,"href":"https:\/\/tekaonline.com\/es\/wp-json\/wp\/v2\/comments?post=661"}],"version-history":[{"count":0,"href":"https:\/\/tekaonline.com\/es\/wp-json\/wp\/v2\/pages\/661\/revisions"}],"up":[{"embeddable":true,"href":"https:\/\/tekaonline.com\/es\/wp-json\/wp\/v2\/pages\/647"}],"wp:attachment":[{"href":"https:\/\/tekaonline.com\/es\/wp-json\/wp\/v2\/media?parent=661"}],"curies":[{"name":"wp","href":"https:\/\/api.w.org\/{rel}","templated":true}]}}