{"id":8252,"date":"2019-01-02T15:48:39","date_gmt":"2019-01-02T14:48:39","guid":{"rendered":"http:\/\/test.tekaonline.com\/?page_id=8252"},"modified":"2019-04-02T13:54:39","modified_gmt":"2019-04-02T12:54:39","slug":"privacy-policy","status":"publish","type":"page","link":"https:\/\/tekaonline.com\/es\/privacy-policy\/","title":{"rendered":"Privacy Policy"},"content":{"rendered":"<h2>Documento de informaci\u00f3n art\u00edculo 13 Reg. UE 2016\/679 &#8211; GDPR &#8211; Informaci\u00f3n para procesar datos personales recopilados de la parte interesada<\/h2>\n<p>De conformidad con el reglamento de la UE. 2016\/679 (Reglamento europeo para la protecci\u00f3n de datos personales) le proporcionamos la informaci\u00f3n necesaria sobre el procesamiento de los datos personales proporcionados. La informaci\u00f3n no debe considerarse v\u00e1lida para otros sitios web que pueden consultarse a trav\u00e9s de enlaces en los sitios web en el dominio del propietario, que no deben considerarse responsables de ninguna manera por terceros.<br \/>\nEsta es una informaci\u00f3n que se proporciona de conformidad con el art. 13 de la UE Reg. 2016\/679 (Reglamento europeo para la protecci\u00f3n de datos personales) y tambi\u00e9n se inspira en las disposiciones de la Directiva 2002\/58 \/ CE, actualizada por la Directiva 2009\/136 \/ CE, sobre cookies, as\u00ed como en lo dispuesto en la Disposici\u00f3n. de la Autoridad para la protecci\u00f3n de datos personales del 08.05.2014 en relaci\u00f3n con las cookies.<\/p>\n<p>Datos personales que pueden procesarse: \u00abdatos personales\u00bb: cualquier informaci\u00f3n relativa a una persona f\u00edsica identificada o identificable (\u00abinteresada\u00bb); la persona natural que puede identificarse, directa o indirectamente, con una referencia particular a un identificador como el nombre, un n\u00famero de identificaci\u00f3n, datos de ubicaci\u00f3n, un identificador en l\u00ednea o uno o m\u00e1s elementos caracter\u00edsticos de su identidad f\u00edsica, es identificable fisiol\u00f3gicamente, gen\u00e9ticamente, ps\u00edquicamente, econ\u00f3micamente, culturalmente o socialmente; (C26, C27, C30).<\/p>\n<h3>Informaciones especificas<\/h3>\n<p>Se pueden presentar informaciones espec\u00edficas en las p\u00e1ginas del sitio en relaci\u00f3n con los servicios particulares o el procesamiento de datos proporcionado.<\/p>\n<p>Cookies: consulte la pol\u00edtica de cookies en el siguiente enlace.<\/p>\n<h3>1. EL \u00abPROPIETARIO\u00bb DEL TRATAMIENTO<\/h3>\n<p>De conformidad con el art\u00edculo 4.7 del Reglamento (UE) 2016\/679 es Teka s.r.l. Piazza Alessandro Volta 7, 52041, Pieve al Toppo, (AR), tel +39 0575 497766, Italia, correo electr\u00f3nico tekaonline.com@gmail.com en la persona de su representante legal pro-tempore.<\/p>\n<h3>2. PROP\u00d3SITO, BASE LEGAL DEL TRATAMIENTO E INTER\u00c9S LEG\u00cdTIMO<\/h3>\n<p>Seg\u00fan el art. 6 p\u00e1rrafo 1 letras b) yf) los datos personales proporcionados voluntariamente se procesar\u00e1n para los siguientes fines, hasta su oposici\u00f3n:<br \/>\n\u2022 navegaci\u00f3n en este sitio web;<br \/>\n\u2022 cualquier solicitud de contacto, con el env\u00edo de informaci\u00f3n solicitada por usted;<br \/>\n\u2022 Posibilidad de cumplimentar formularios de recogida de datos en \u00e1reas dedicadas.<br \/>\nEl procesamiento de los datos se basa en el Art\u00edculo 6, p\u00e1rrafo 1, letra f): (Considerando 47), teniendo en cuenta las expectativas razonables del interesado en el momento y en el contexto de la recopilaci\u00f3n de datos personales, cuando el interesado puede esperar razonablemente que se lleve a cabo un tratamiento para este prop\u00f3sito.<\/p>\n<h3>3. M\u00c9TODO DE TRATAMIENTO &#8211; ALMACENAMIENTO<\/h3>\n<p>El procesamiento se llevar\u00e1 a cabo tanto en papel como en formato electr\u00f3nico y manual, con m\u00e9todos y herramientas destinados a garantizar la m\u00e1xima seguridad y confidencialidad, por parte de personas designadas espec\u00edficamente para este fin en cumplimiento de las disposiciones del art. 32 del Reglamento (UE) 2016\/679. En cumplimiento de lo dispuesto en el art. 5 p\u00e1rrafo 1 letra. e) del Reg. (UE) 2016\/679 los datos personales recopilados se almacenar\u00e1n en un formulario que permita la identificaci\u00f3n de las partes interesadas por un per\u00edodo de tiempo que no exceda el logro de los fines para los cuales se procesan los datos personales. El almacenamiento de los datos personales proporcionados depende del prop\u00f3sito del procesamiento:<br \/>\n\u2022 navegaci\u00f3n en este sitio web (ver la pol\u00edtica de cookies);<br \/>\n\u2022 Para solicitud de contacto (m\u00e1ximo 12 meses).<br \/>\nLos tratamientos relacionados con los servicios web que ofrece este sitio se colocan f\u00edsicamente \u00aben hosting\u00bb en Aruba SpA con un servidor ubicado en Italia.<\/p>\n<h3>4. ALCANCE DE LA COMUNICACI\u00d3N, DIFUSI\u00d3N Y TRANSFERENCIA DE DATOS EN EL EXTRANJERO<\/h3>\n<p>Sus datos, objeto del tratamiento, no ser\u00e1n difundidos y podr\u00e1n ser comunicados a empresas vinculadas contractualmente a Teka s.r.l. Dentro de la Uni\u00f3n Europea, de conformidad y dentro de los l\u00edmites del art. 44 del Reglamento (UE) 2016\/679, para cumplir con los contratos o fines relacionados.<br \/>\nSus datos pueden ser divulgados a terceros pertenecientes a las siguientes categor\u00edas:<br \/>\n\u2022 Empleados y colaboradores.<br \/>\nLos sujetos que pertenecen a las categor\u00edas antes mencionadas act\u00faan como Gerente de Procesamiento de Datos (Art\u00edculo 28 del Reglamento UE 2016\/679) y \/ o como personas f\u00edsicas que act\u00faan bajo la autoridad del Controlador de Datos y el Supervisor de Datos (Art\u00edculo 29 del Reglamento UE 2016 \/ 679), o operar en total autonom\u00eda como controladores de datos distintos. La lista de gerentes se actualiza constantemente y est\u00e1 disponible en Teka s.r.l. Piazza Alessandro Volta 7, 52041, Pieve al Toppo, (AR), tel +39 0575 497766, Italia<\/p>\n<h3>5. PROCESO AUTOMATIZADO Y PERFILADO.<\/h3>\n<p>El procesamiento de sus datos no estar\u00e1 sujeto a actividades automatizadas de procesamiento o elaboraci\u00f3n de perfiles.<\/p>\n<h3>6. NATURALEZA DE LA PROVISI\u00d3N Y RECHAZO.<\/h3>\n<p>Aparte de lo especificado para los datos de navegaci\u00f3n, el usuario es libre de proporcionar datos personales. La provisi\u00f3n de datos es opcional pero necesaria.<br \/>\nEl hecho de no proporcionar los datos marcados con el s\u00edmbolo * puede hacer imposible obtener lo que se solicita o utilizar los servicios del controlador de datos.<\/p>\n<h3>7. DERECHOS DE LAS PARTES INTERESADAS<\/h3>\n<p>Podr\u00e1 hacer valer sus derechos seg\u00fan lo expresado en el Reglamento (UE) 2016\/679 del Parlamento Europeo y del Consejo del 27 de abril de 2016, contactando al propietario:<br \/>\n\u2022 al contactar a nuestro n\u00famero de tel\u00e9fono +39 0575 497766;<br \/>\n\u2022 enviando un correo electr\u00f3nico a tekaonline.com@gmail.com<br \/>\n\u2022 enviando una carta certificada con acuse de recibo a Teka s.r.l. Piazza Alessandro Volta 7, 52041, Pieve al Toppo, (AR), Italia.<br \/>\nDe conformidad con los art\u00edculos 13, p\u00e1rrafos 2 y 15 a 22 del Reglamento, le informamos que, en relaci\u00f3n con el procesamiento de sus datos personales, puede ejercer los siguientes derechos:<br \/>\na) Derecho a acceder a los datos personales ya la siguiente informaci\u00f3n:<br \/>\n\u2022 confirmaci\u00f3n de que sus datos personales est\u00e1n siendo procesados;<br \/>\n\u2022 los fines del tratamiento;<br \/>\n\u2022 las categor\u00edas de datos personales;<br \/>\n\u2022 los destinatarios o las categor\u00edas de destinatarios a los que se han comunicado o se comunicar\u00e1n los datos personales;<br \/>\n\u2022 si los datos no se recopilan de la parte interesada, toda la informaci\u00f3n disponible sobre su origen;<br \/>\n\u2022 la existencia de un proceso automatizado de toma de decisiones, incluida la elaboraci\u00f3n de perfiles;<br \/>\n\u2022 Una copia de los datos personales que se procesan.<br \/>\nb) Derecho de rectificaci\u00f3n e integraci\u00f3n de datos personales;<br \/>\nc) Derecho a la eliminaci\u00f3n de datos (\u00abderecho al olvido\u00bb) si existe una de las siguientes razones:<br \/>\n\u2022 los datos personales ya no son necesarios con respecto a los fines para los que fueron recopilados o procesados \u200b\u200bde otra manera;<br \/>\n\u2022 el sujeto de los datos retira su consentimiento para el procesamiento de datos y no existe otra base legal para el procesamiento;<br \/>\n\u2022 el interesado se opone al procesamiento y no existe una raz\u00f3n leg\u00edtima para continuar con el procesamiento;<br \/>\n\u2022 los datos personales han sido procesados \u200b\u200bilegalmente;<br \/>\n\u2022 los datos personales deben eliminarse para cumplir una obligaci\u00f3n legal establecida por la legislaci\u00f3n de la Uni\u00f3n o del Estado miembro al que est\u00e1 sujeto el responsable del tratamiento de datos;<br \/>\nEl controlador de datos, si ha hecho p\u00fablicos los datos personales y est\u00e1 obligado a eliminarlos, debe informar a los otros propietarios que procesan los datos personales de la solicitud para cancelar cualquier enlace, copia o reproducci\u00f3n de sus datos.<br \/>\nd) Derecho a limitaci\u00f3n de tramitaci\u00f3n si:<br \/>\n\u2022 la parte interesada impugna la exactitud de los datos personales, durante el per\u00edodo necesario para que el controlador de datos verifique la exactitud de dichos datos personales;<br \/>\n\u2022 el procesamiento es ilegal y el sujeto de los datos se opone a la eliminaci\u00f3n de los datos personales y solicita que se limite su uso;<br \/>\n\u2022 aunque el controlador de datos ya no lo necesita para el procesamiento, los datos personales son necesarios para que el sujeto de los datos determine, ejerza o defienda un derecho ante los tribunales;<br \/>\n\u2022 el interesado se ha opuesto al procesamiento, pendiente de verificaci\u00f3n con respecto a la posible prevalencia de las razones leg\u00edtimas del controlador de datos con respecto a las de la parte interesada.<br \/>\ne) El derecho a presentar una queja ante el Garante para la protecci\u00f3n de datos personales, siguiendo los procedimientos e indicaciones publicadas en el sitio web oficial de la Autoridad www.garanteprivacy.it.<br \/>\nf) El derecho a la portabilidad de los datos o el derecho a recibir en un formato estructurado, com\u00fanmente utilizado y legible por un dispositivo autom\u00e1tico, los datos personales que se le proporcionan a un controlador de datos y posiblemente los reenv\u00ede a otro controlador de datos, si el procesamiento Se basa en el consentimiento o un contrato y se lleva a cabo por medios automatizados. Cuando sea t\u00e9cnicamente posible, el interesado tiene el derecho de obtener la transmisi\u00f3n directa de datos de un controlador de datos a otro.<br \/>\ng) El derecho a objetar el procesamiento de datos personales en cualquier momento, incluido el perfil, en particular si:<br \/>\n\u2022 el procesamiento se realiza sobre la base de los intereses leg\u00edtimos del propietario, despu\u00e9s de explicar los motivos de la oposici\u00f3n;<br \/>\n\u2022 Los datos personales se procesan con fines de marketing directo.<br \/>\nh) El derecho de no ser sometido a una decisi\u00f3n basada \u00fanicamente en el procesamiento automatizado, incluido el perfil, excepto cuando la decisi\u00f3n: sea necesaria para la conclusi\u00f3n o ejecuci\u00f3n de un contrato entre el interesado y el controlador de datos, est\u00e1 autorizada por la Uni\u00f3n o Miembro Ley estatal a la cual el controlador est\u00e1 sujeto o basado en el consentimiento expl\u00edcito del sujeto de los datos.<br \/>\ni) Derecho a revocar el consentimiento en cualquier momento.<br \/>\nEl ejercicio de los derechos no est\u00e1 sujeto a ninguna restricci\u00f3n de forma y es gratuito.<\/p>\n<h3>8. MENORES<\/h3>\n<p>Este sitio web y los servicios del controlador de datos no est\u00e1n destinados a personas menores de 18 a\u00f1os y el controlador de datos no recopila intencionalmente informaci\u00f3n personal referente a menores. En el caso de que la informaci\u00f3n sobre menores se registre involuntariamente, el Propietario los eliminar\u00e1 oportunamente, a solicitud de los usuarios.","protected":false},"excerpt":{"rendered":"<p>Documento de informaci\u00f3n art\u00edculo 13 Reg. UE 2016\/679 &#8211; GDPR &#8211; Informaci\u00f3n para procesar datos personales recopilados de la parte interesada De conformidad con el reglamento de la UE. 2016\/679&#8230;<\/p>\n","protected":false},"author":1,"featured_media":0,"parent":0,"menu_order":0,"comment_status":"closed","ping_status":"closed","template":"","meta":{"footnotes":""},"class_list":["post-8252","page","type-page","status-publish"],"yoast_head":"<!-- This site is optimized with the Yoast SEO plugin v24.8.1 - https:\/\/yoast.com\/wordpress\/plugins\/seo\/ -->\n<title>Privacy Policy - tekaonline.com<\/title>\n<meta name=\"robots\" content=\"index, follow, max-snippet:-1, max-image-preview:large, max-video-preview:-1\" \/>\n<link rel=\"canonical\" href=\"https:\/\/tekaonline.com\/RU\/privacy-policy\/\" \/>\n<meta property=\"og:locale\" content=\"es_ES\" \/>\n<meta property=\"og:type\" content=\"article\" \/>\n<meta property=\"og:title\" content=\"Privacy Policy - tekaonline.com\" \/>\n<meta property=\"og:description\" content=\"Documento de informaci\u00f3n art\u00edculo 13 Reg. UE 2016\/679 &#8211; GDPR &#8211; Informaci\u00f3n para procesar datos personales recopilados de la parte interesada De conformidad con el reglamento de la UE. 2016\/679...\" \/>\n<meta property=\"og:url\" content=\"https:\/\/tekaonline.com\/RU\/privacy-policy\/\" \/>\n<meta property=\"og:site_name\" content=\"tekaonline.com\" \/>\n<meta property=\"article:publisher\" content=\"https:\/\/www.facebook.com\/teka.meccanica\" \/>\n<meta property=\"article:modified_time\" content=\"2019-04-02T12:54:39+00:00\" \/>\n<meta name=\"twitter:label1\" content=\"Tiempo de lectura\" \/>\n\t<meta name=\"twitter:data1\" content=\"24 minutos\" \/>\n<script type=\"application\/ld+json\" class=\"yoast-schema-graph\">{\"@context\":\"https:\/\/schema.org\",\"@graph\":[{\"@type\":\"WebPage\",\"@id\":\"https:\/\/tekaonline.com\/RU\/privacy-policy\/\",\"url\":\"https:\/\/tekaonline.com\/RU\/privacy-policy\/\",\"name\":\"Privacy Policy - tekaonline.com\",\"isPartOf\":{\"@id\":\"https:\/\/tekaonline.com\/it\/#website\"},\"datePublished\":\"2019-01-02T14:48:39+00:00\",\"dateModified\":\"2019-04-02T12:54:39+00:00\",\"breadcrumb\":{\"@id\":\"https:\/\/tekaonline.com\/RU\/privacy-policy\/#breadcrumb\"},\"inLanguage\":\"es\",\"potentialAction\":[{\"@type\":\"ReadAction\",\"target\":[\"https:\/\/tekaonline.com\/RU\/privacy-policy\/\"]}]},{\"@type\":\"BreadcrumbList\",\"@id\":\"https:\/\/tekaonline.com\/RU\/privacy-policy\/#breadcrumb\",\"itemListElement\":[{\"@type\":\"ListItem\",\"position\":1,\"name\":\"Home\",\"item\":\"https:\/\/tekaonline.com\/it\/\"},{\"@type\":\"ListItem\",\"position\":2,\"name\":\"\u043f\u043e\u043b\u0438\u0442\u0438\u043a\u0430 \u043a\u043e\u043d\u0444\u0438\u0434\u0435\u043d\u0446\u0438\u0430\u043b\u044c\u043d\u043e\u0441\u0442\u0438\"}]},{\"@type\":\"WebSite\",\"@id\":\"https:\/\/tekaonline.com\/it\/#website\",\"url\":\"https:\/\/tekaonline.com\/it\/\",\"name\":\"tekaonline.com\",\"description\":\"stamping tools & jewellery making machines\",\"potentialAction\":[{\"@type\":\"SearchAction\",\"target\":{\"@type\":\"EntryPoint\",\"urlTemplate\":\"https:\/\/tekaonline.com\/it\/?s={search_term_string}\"},\"query-input\":{\"@type\":\"PropertyValueSpecification\",\"valueRequired\":true,\"valueName\":\"search_term_string\"}}],\"inLanguage\":\"es\"}]}<\/script>\n<!-- \/ Yoast SEO plugin. -->","yoast_head_json":{"title":"Privacy Policy - tekaonline.com","robots":{"index":"index","follow":"follow","max-snippet":"max-snippet:-1","max-image-preview":"max-image-preview:large","max-video-preview":"max-video-preview:-1"},"canonical":"https:\/\/tekaonline.com\/RU\/privacy-policy\/","og_locale":"es_ES","og_type":"article","og_title":"Privacy Policy - tekaonline.com","og_description":"Documento de informaci\u00f3n art\u00edculo 13 Reg. UE 2016\/679 &#8211; GDPR &#8211; Informaci\u00f3n para procesar datos personales recopilados de la parte interesada De conformidad con el reglamento de la UE. 2016\/679...","og_url":"https:\/\/tekaonline.com\/RU\/privacy-policy\/","og_site_name":"tekaonline.com","article_publisher":"https:\/\/www.facebook.com\/teka.meccanica","article_modified_time":"2019-04-02T12:54:39+00:00","twitter_misc":{"Tiempo de lectura":"24 minutos"},"schema":{"@context":"https:\/\/schema.org","@graph":[{"@type":"WebPage","@id":"https:\/\/tekaonline.com\/RU\/privacy-policy\/","url":"https:\/\/tekaonline.com\/RU\/privacy-policy\/","name":"Privacy Policy - tekaonline.com","isPartOf":{"@id":"https:\/\/tekaonline.com\/it\/#website"},"datePublished":"2019-01-02T14:48:39+00:00","dateModified":"2019-04-02T12:54:39+00:00","breadcrumb":{"@id":"https:\/\/tekaonline.com\/RU\/privacy-policy\/#breadcrumb"},"inLanguage":"es","potentialAction":[{"@type":"ReadAction","target":["https:\/\/tekaonline.com\/RU\/privacy-policy\/"]}]},{"@type":"BreadcrumbList","@id":"https:\/\/tekaonline.com\/RU\/privacy-policy\/#breadcrumb","itemListElement":[{"@type":"ListItem","position":1,"name":"Home","item":"https:\/\/tekaonline.com\/it\/"},{"@type":"ListItem","position":2,"name":"\u043f\u043e\u043b\u0438\u0442\u0438\u043a\u0430 \u043a\u043e\u043d\u0444\u0438\u0434\u0435\u043d\u0446\u0438\u0430\u043b\u044c\u043d\u043e\u0441\u0442\u0438"}]},{"@type":"WebSite","@id":"https:\/\/tekaonline.com\/it\/#website","url":"https:\/\/tekaonline.com\/it\/","name":"tekaonline.com","description":"stamping tools & jewellery making machines","potentialAction":[{"@type":"SearchAction","target":{"@type":"EntryPoint","urlTemplate":"https:\/\/tekaonline.com\/it\/?s={search_term_string}"},"query-input":{"@type":"PropertyValueSpecification","valueRequired":true,"valueName":"search_term_string"}}],"inLanguage":"es"}]}},"_links":{"self":[{"href":"https:\/\/tekaonline.com\/es\/wp-json\/wp\/v2\/pages\/8252","targetHints":{"allow":["GET"]}}],"collection":[{"href":"https:\/\/tekaonline.com\/es\/wp-json\/wp\/v2\/pages"}],"about":[{"href":"https:\/\/tekaonline.com\/es\/wp-json\/wp\/v2\/types\/page"}],"author":[{"embeddable":true,"href":"https:\/\/tekaonline.com\/es\/wp-json\/wp\/v2\/users\/1"}],"replies":[{"embeddable":true,"href":"https:\/\/tekaonline.com\/es\/wp-json\/wp\/v2\/comments?post=8252"}],"version-history":[{"count":0,"href":"https:\/\/tekaonline.com\/es\/wp-json\/wp\/v2\/pages\/8252\/revisions"}],"wp:attachment":[{"href":"https:\/\/tekaonline.com\/es\/wp-json\/wp\/v2\/media?parent=8252"}],"curies":[{"name":"wp","href":"https:\/\/api.w.org\/{rel}","templated":true}]}}