{"id":8252,"date":"2019-01-02T15:48:39","date_gmt":"2019-01-02T14:48:39","guid":{"rendered":"http:\/\/test.tekaonline.com\/?page_id=8252"},"modified":"2019-04-02T13:54:39","modified_gmt":"2019-04-02T12:54:39","slug":"privacy-policy","status":"publish","type":"page","link":"https:\/\/tekaonline.com\/it\/privacy-policy\/","title":{"rendered":"Privacy Policy"},"content":{"rendered":"<h2>Documento informativo articolo 13 Reg. UE 2016\/679 &#8211; GDPR &#8211; Informativa per trattamento di dati personali raccolti presso l\u2019interessato<\/h2>\n<p>Nel rispetto di quanto previsto dal Reg. UE 2016\/679 (Regolamento Europeo per la protezione dei dati personali) Le forniamo le dovute informazioni in ordine al trattamento dei dati personali forniti. L&#8217;informativa non \u00e8 da considerarsi valida per altri siti web eventualmente consultabili tramite links presenti sui siti internet a dominio del titolare, che non \u00e8 da considerarsi in alcun modo responsabile dei siti internet dei terzi.<br \/>\nSi tratta di un&#8217;informativa che \u00e8 resa ai sensi dell&#8217; art. 13 della Reg. UE 2016\/679 (Regolamento Europeo per la protezione dei dati personali) e si ispira anche a quanto previsto dalla Direttiva 2002\/58\/CE, come aggiornata dalla Direttiva 2009\/136\/CE, in materia di Cookies nonch\u00e9 a quanto previsto dal Provvedimento dell\u2019Autorit\u00e0 Garante per la protezione dei dati personali del 08.05.2014 in materia di cookies.<\/p>\n<p>Dati personali trattabili: \u00abdato personale\u00bb: qualsiasi informazione riguardante una persona fisica identificata o identificabile (\u00abinteressato\u00bb); si considera identificabile la persona fisica che pu\u00f2 essere identificata, direttamente o indirettamente, con particolare riferimento a un identificativo come il nome, un numero di identificazione, dati relativi all&#8217;ubicazione, un identificativo online o a uno o pi\u00f9 elementi caratteristici della sua identit\u00e0 fisica, fisiologica, genetica, psichica, economica, culturale o sociale; (C26, C27, C30).<\/p>\n<h3>Informative specifiche<\/h3>\n<p>Informative specifiche potrebbero essere presentate nelle pagine del sito in relazione a particolari servizi o trattamenti dei dati forniti.<\/p>\n<p>Cookie: Si veda al seguente <a href=\"http:\/\/tekaonline.com\/privacy-and-cookie-policy\/cookie-policy\/\" target=\"_blank\" rel=\"noopener\">link<\/a> la cookie policy.<\/p>\n<h3>1. IL &#8220;TITOLARE&#8221; DEL TRATTAMENTO<\/h3>\n<p>ai sensi dell\u2019articolo 4.7 del Regolamento (UE) 2016\/679 \u00e8 Teka s.r.l. Piazza Alessandro Volta 7, 52041, Pieve al Toppo, (AR), tel +39 0575 497766, Italy, e-mail\u00a0tekaonline.com@gmail.com nella persona del legale rappresentante pro-tempore.<\/p>\n<h3>2. FINALITA\u2019, BASE GIURIDICA DEL TRATTAMENTO, E LEGITTIMO INTERESSE<\/h3>\n<p>Ai sensi dell\u2019art. 6 paragrafo 1 lettere b) ed f) i dati personali volontariamente forniti saranno oggetto di trattamento per le seguenti finalit\u00e0, fino a sua opposizione:<br \/>\n\u2022 navigazione sul presente sito internet;<br \/>\n\u2022 eventuale richiesta di contatto, con invio di informazioni da Lei richieste;<br \/>\n\u2022 eventuale compilazione di form di raccolta dati in aree dedicate.<br \/>\nIl trattamento dati si basa sull&#8217;articolo 6, paragrafo 1, lettera f): (considerando 47), tenuto conto delle ragionevoli aspettative nutrite dall&#8217;interessato al momento e nell&#8217;ambito della raccolta dei dati personali, quando l\u2019interessato possa ragionevolmente attendersi che abbia luogo un trattamento a tal fine.<\/p>\n<h3>3. MODALIT\u00c0 DEL TRATTAMENTO \u2013 CONSERVAZIONE<\/h3>\n<p>Il trattamento sar\u00e0 svolto in forma sia cartacea che elettronica automatizzata e manuale, con modalit\u00e0 e strumenti volti a garantire la massima sicurezza e riservatezza, ad opera di soggetti di ci\u00f2 appositamente incaricati in ottemperanza a quanto previsto dall\u2019art. 32 del Regolamento (UE) 2016\/679. Nel rispetto di quanto previsto dall&#8217;art. 5 comma 1 lett. e) del Reg. (UE) 2016\/679 i dati personali raccolti verranno conservati in una forma che consenta l&#8217;identificazione degli interessati per un arco di tempo non superiore al conseguimento delle finalit\u00e0 per le quali i dati personali sono trattati. La conservazione dei dati di natura personale forniti dipende dalla finalit\u00e0 del trattamento:<br \/>\n\u2022 navigazione sul presente sito web (si veda la <a href=\"http:\/\/tekaonline.com\/privacy-and-cookie-policy\/cookie-policy\/\" target=\"_blank\" rel=\"noopener\">cookie policy<\/a>);<br \/>\n\u2022 per richiesta di contatto (massimo 12 mesi).<br \/>\nI trattamenti connessi ai servizi web offerti da questo sito sono fisicamente posti \u201cin hosting\u201d presso Aruba S.p.A. con server sito in Italia.<\/p>\n<h3>4. AMBITO DI COMUNICAZIONE, DIFFUSIONE E TRASFERIMENTO DEI DATI ALL&#8217;ESTERO<\/h3>\n<p>I Suoi dati, oggetto del trattamento, non saranno diffusi e potranno essere comunicati a societ\u00e0 contrattualmente legate a Teka s.r.l. all\u2019interno dell\u2019Unione Europea, in conformit\u00e0 e nei limiti di cui all\u2019art. 44 del Regolamento (UE) 2016\/679, al fine di ottemperare ai contratti o finalit\u00e0 connesse.<br \/>\nI Suoi dati potranno essere comunicati a terzi appartenenti alle seguenti categorie:<br \/>\n\u2022 dipendenti e collaboratori.<br \/>\nI soggetti appartenenti alle categorie suddette svolgono la funzione di Responsabile del trattamento dei dati (art. 28 del Reg. UE 2016\/679) e\/o in qualit\u00e0 di persone fisiche che agiscono sotto l\u2019autorit\u00e0 del Titolare e del Responsabile (art. 29 del Reg. UE 2016\/679), oppure operano in totale autonomia come distinti Titolari del trattamento. L\u2019elenco dei responsabili \u00e8 costantemente aggiornato e disponibile presso la sede di Teka s.r.l. Piazza Alessandro Volta 7, 52041, Pieve al Toppo, (AR), tel +39 0575 497766, Italy<\/p>\n<h3>5. PROCESSO AUTOMATIZZATO E PROFILAZIONE<\/h3>\n<p>Il trattamento dei suoi dati non sar\u00e0 soggetto n\u00e9 a trattamento automatizzato n\u00e9 ad attivit\u00e0 di profilazione.<\/p>\n<h3>6. NATURA DEL CONFERIMENTO E RIFIUTO<\/h3>\n<p>A parte quanto specificato per i dati di navigazione, l&#8217;utente \u00e8 libero di fornire i dati personali. Il conferimento dei dati \u00e8 facoltativo ma necessario.<br \/>\nIl mancato conferimento dei dati contrassegnati con il simbolo*, pu\u00f2 comportare l&#8217;impossibilit\u00e0 di ottenere quanto richiesto o per usufruire dei servizi del titolare del trattamento.<\/p>\n<h3>7. DIRITTI DEGLI INTERESSATI<\/h3>\n<p>Lei potr\u00e0 far valere i propri diritti come espressi dal Regolamento (UE) 2016\/679 del parlamento europeo e del consiglio del 27 aprile 2016, rivolgendosi al titolare:<br \/>\n\u2022 contattando la ns. sede al numero di telefono +39 0575 497766;<br \/>\n\u2022 inviando una mail all&#8217;indirizzo tekaonline.com@gmail.com<br \/>\n\u2022 inviando una raccomandata con ricevuta di ritorno a Teka s.r.l. Piazza Alessandro Volta 7, 52041, Pieve al Toppo, (AR), Italy.<\/p>\n<p>Ai sensi degli articoli 13, comma 2, e da 15 a 22 del Regolamento, La informiamo che in merito al trattamento dei Suoi dati personali Lei potr\u00e0 esercitare i seguenti diritti:<br \/>\na) Diritto di ottenere l\u2019accesso ai dati personali e alle seguenti informazioni:<br \/>\n\u2022 la conferma che sia o meno in corso il trattamento di propri dati personali;<br \/>\n\u2022 le finalit\u00e0 del trattamento;<br \/>\n\u2022 le categorie di dati personali;<br \/>\n\u2022 i destinatari o le categorie di destinatari a cui i dati personali sono stati o saranno comunicati;<br \/>\n\u2022 qualora i dati non siano raccolti presso l&#8217;interessato, tutte le informazioni disponibili sulla loro origine;<br \/>\n\u2022 l&#8217;esistenza di un processo decisionale automatizzato, compresa la profilazione;<br \/>\n\u2022 una copia dei dati personali oggetto di trattamento.<br \/>\nb) Diritto di rettifica ed integrazione dei dati personali;<br \/>\nc) Diritto alla cancellazione dei dati (\u00abdiritto all&#8217;oblio\u00bb) se sussiste uno dei seguenti motivi:<br \/>\n\u2022 i dati personali non sono pi\u00f9 necessari rispetto alle finalit\u00e0 per le quali sono stati raccolti o altrimenti trattati;<br \/>\n\u2022 l\u2019interessato revoca il consenso al trattamento dei dati e non sussiste altro fondamento giuridico per il trattamento;<br \/>\n\u2022 l&#8217;interessato si oppone al trattamento e non sussiste alcun motivo legittimo prevalente per procedere al trattamento;<br \/>\n\u2022 i dati personali sono stati trattati illecitamente;<br \/>\n\u2022 i dati personali devono essere cancellati per adempiere un obbligo legale previsto dal diritto dell&#8217;Unione o dello Stato membro cui \u00e8 soggetto il titolare del trattamento;<br \/>\nIl titolare del trattamento, se ha reso pubblici dati personali ed \u00e8 obbligato a cancellarli, deve informare gli altri titolari che trattano i dati personali della richiesta di cancellare qualsiasi link, copia o riproduzione dei suoi dati.<br \/>\nd) Diritto alla limitazione del trattamento nel caso in cui:<br \/>\n\u2022 l&#8217;interessato contesti l&#8217;esattezza dei dati personali, per il periodo necessario al titolare del trattamento per verificare l&#8217;esattezza di tali dati personali;<br \/>\n\u2022 il trattamento \u00e8 illecito e l&#8217;interessato si oppone alla cancellazione dei dati personali e chiede invece che ne sia limitato l&#8217;utilizzo;<br \/>\n\u2022 bench\u00e9 il titolare del trattamento non ne abbia pi\u00f9 bisogno ai fini del trattamento, i dati personali sono necessari all&#8217;interessato per l&#8217;accertamento, l&#8217;esercizio o la difesa di un diritto in sede giudiziaria;<br \/>\n\u2022 l&#8217;interessato si \u00e8 opposto al trattamento, in attesa della verifica in merito all&#8217;eventuale prevalenza dei motivi legittimi del titolare del trattamento rispetto a quelli dell&#8217;interessato.<br \/>\ne) Diritto di proporre un reclamo al Garante per la protezione dei dati personali, seguendo le procedure e le indicazioni pubblicate sul sito web ufficiale dell\u2019Autorit\u00e0 www.garanteprivacy.it.<br \/>\nf) Diritto alla portabilit\u00e0 del dato ovvero il diritto di ricevere in un formato strutturato, di uso comune e leggibile da dispositivo automatico i dati personali che lo riguardano forniti a un titolare del trattamento ed eventualmente trasmetterli a un altro titolare del trattamento, qualora il trattamento si basi sul consenso o su un contratto e sia effettuato con mezzi automatizzati. Ove tecnicamente possibile, l\u2019interessato ha il diritto di ottenere la trasmissione diretta dei dati da un titolare del trattamento ad un altro.<br \/>\ng) Diritto di opporsi in qualsiasi momento al trattamento dei dati personali, compresa la profilazione, in particolare nel caso in cui:<br \/>\n\u2022 il trattamento avviene sulla base del legittimo interesse del titolare, previa esplicitazione dei motivi dell\u2019opposizione;<br \/>\n\u2022 i dati personali sono trattati per finalit\u00e0 di marketing diretto.<br \/>\nh) Diritto di non essere sottoposto a una decisione basata unicamente sul trattamento automatizzato, compresa la profilazione, salvo nei casi in cui la decisione: sia necessaria per la conclusione o l&#8217;esecuzione di un contratto tra l&#8217;interessato e un titolare del trattamento, sia autorizzata dal diritto dell&#8217;Unione o dello Stato membro cui \u00e8 soggetto il titolare del trattamento o si basi sul consenso esplicito dell\u2019interessato.<br \/>\ni) Diritto di revocare il consenso in qualsiasi momento.<br \/>\nL\u2019esercizio dei diritti non \u00e8 soggetto ad alcun vincolo di forma ed \u00e8 gratuito.<\/p>\n<h3>8. MINORI<\/h3>\n<p>Questo Sito e i Servizi del Titolare non sono destinati a minori di 18 anni e il Titolare non raccoglie intenzionalmente informazioni personali riferite ai minori. Nel caso in cui informazioni su minori fossero involontariamente registrate, il Titolare le canceller\u00e0 in modo tempestivo, su richiesta degli utenti.<\/p>\n<p>Data di aggiornamento: 23\/05\/2018","protected":false},"excerpt":{"rendered":"<p>Documento informativo articolo 13 Reg. UE 2016\/679 &#8211; GDPR &#8211; Informativa per trattamento di dati personali raccolti presso l\u2019interessato Nel rispetto di quanto previsto dal Reg. UE 2016\/679 (Regolamento Europeo&#8230;<\/p>\n","protected":false},"author":1,"featured_media":0,"parent":0,"menu_order":0,"comment_status":"closed","ping_status":"closed","template":"","meta":{"footnotes":""},"class_list":["post-8252","page","type-page","status-publish"],"yoast_head":"<!-- This site is optimized with the Yoast SEO plugin v24.8.1 - https:\/\/yoast.com\/wordpress\/plugins\/seo\/ -->\n<title>Privacy Policy - tekaonline.com<\/title>\n<meta name=\"robots\" content=\"index, follow, max-snippet:-1, max-image-preview:large, max-video-preview:-1\" \/>\n<link rel=\"canonical\" href=\"https:\/\/tekaonline.com\/RU\/privacy-policy\/\" \/>\n<meta property=\"og:locale\" content=\"it_IT\" \/>\n<meta property=\"og:type\" content=\"article\" \/>\n<meta property=\"og:title\" content=\"Privacy Policy - tekaonline.com\" \/>\n<meta property=\"og:description\" content=\"Documento informativo articolo 13 Reg. UE 2016\/679 &#8211; GDPR &#8211; Informativa per trattamento di dati personali raccolti presso l\u2019interessato Nel rispetto di quanto previsto dal Reg. UE 2016\/679 (Regolamento Europeo...\" \/>\n<meta property=\"og:url\" content=\"https:\/\/tekaonline.com\/RU\/privacy-policy\/\" \/>\n<meta property=\"og:site_name\" content=\"tekaonline.com\" \/>\n<meta property=\"article:publisher\" content=\"https:\/\/www.facebook.com\/teka.meccanica\" \/>\n<meta property=\"article:modified_time\" content=\"2019-04-02T12:54:39+00:00\" \/>\n<meta name=\"twitter:label1\" content=\"Tempo di lettura stimato\" \/>\n\t<meta name=\"twitter:data1\" content=\"24 minuti\" \/>\n<script type=\"application\/ld+json\" class=\"yoast-schema-graph\">{\"@context\":\"https:\/\/schema.org\",\"@graph\":[{\"@type\":\"WebPage\",\"@id\":\"https:\/\/tekaonline.com\/RU\/privacy-policy\/\",\"url\":\"https:\/\/tekaonline.com\/RU\/privacy-policy\/\",\"name\":\"Privacy Policy - tekaonline.com\",\"isPartOf\":{\"@id\":\"https:\/\/tekaonline.com\/it\/#website\"},\"datePublished\":\"2019-01-02T14:48:39+00:00\",\"dateModified\":\"2019-04-02T12:54:39+00:00\",\"breadcrumb\":{\"@id\":\"https:\/\/tekaonline.com\/RU\/privacy-policy\/#breadcrumb\"},\"inLanguage\":\"it-IT\",\"potentialAction\":[{\"@type\":\"ReadAction\",\"target\":[\"https:\/\/tekaonline.com\/RU\/privacy-policy\/\"]}]},{\"@type\":\"BreadcrumbList\",\"@id\":\"https:\/\/tekaonline.com\/RU\/privacy-policy\/#breadcrumb\",\"itemListElement\":[{\"@type\":\"ListItem\",\"position\":1,\"name\":\"Home\",\"item\":\"https:\/\/tekaonline.com\/it\/\"},{\"@type\":\"ListItem\",\"position\":2,\"name\":\"\u043f\u043e\u043b\u0438\u0442\u0438\u043a\u0430 \u043a\u043e\u043d\u0444\u0438\u0434\u0435\u043d\u0446\u0438\u0430\u043b\u044c\u043d\u043e\u0441\u0442\u0438\"}]},{\"@type\":\"WebSite\",\"@id\":\"https:\/\/tekaonline.com\/it\/#website\",\"url\":\"https:\/\/tekaonline.com\/it\/\",\"name\":\"tekaonline.com\",\"description\":\"stamping tools & jewellery making machines\",\"potentialAction\":[{\"@type\":\"SearchAction\",\"target\":{\"@type\":\"EntryPoint\",\"urlTemplate\":\"https:\/\/tekaonline.com\/it\/?s={search_term_string}\"},\"query-input\":{\"@type\":\"PropertyValueSpecification\",\"valueRequired\":true,\"valueName\":\"search_term_string\"}}],\"inLanguage\":\"it-IT\"}]}<\/script>\n<!-- \/ Yoast SEO plugin. -->","yoast_head_json":{"title":"Privacy Policy - tekaonline.com","robots":{"index":"index","follow":"follow","max-snippet":"max-snippet:-1","max-image-preview":"max-image-preview:large","max-video-preview":"max-video-preview:-1"},"canonical":"https:\/\/tekaonline.com\/RU\/privacy-policy\/","og_locale":"it_IT","og_type":"article","og_title":"Privacy Policy - tekaonline.com","og_description":"Documento informativo articolo 13 Reg. UE 2016\/679 &#8211; GDPR &#8211; Informativa per trattamento di dati personali raccolti presso l\u2019interessato Nel rispetto di quanto previsto dal Reg. UE 2016\/679 (Regolamento Europeo...","og_url":"https:\/\/tekaonline.com\/RU\/privacy-policy\/","og_site_name":"tekaonline.com","article_publisher":"https:\/\/www.facebook.com\/teka.meccanica","article_modified_time":"2019-04-02T12:54:39+00:00","twitter_misc":{"Tempo di lettura stimato":"24 minuti"},"schema":{"@context":"https:\/\/schema.org","@graph":[{"@type":"WebPage","@id":"https:\/\/tekaonline.com\/RU\/privacy-policy\/","url":"https:\/\/tekaonline.com\/RU\/privacy-policy\/","name":"Privacy Policy - tekaonline.com","isPartOf":{"@id":"https:\/\/tekaonline.com\/it\/#website"},"datePublished":"2019-01-02T14:48:39+00:00","dateModified":"2019-04-02T12:54:39+00:00","breadcrumb":{"@id":"https:\/\/tekaonline.com\/RU\/privacy-policy\/#breadcrumb"},"inLanguage":"it-IT","potentialAction":[{"@type":"ReadAction","target":["https:\/\/tekaonline.com\/RU\/privacy-policy\/"]}]},{"@type":"BreadcrumbList","@id":"https:\/\/tekaonline.com\/RU\/privacy-policy\/#breadcrumb","itemListElement":[{"@type":"ListItem","position":1,"name":"Home","item":"https:\/\/tekaonline.com\/it\/"},{"@type":"ListItem","position":2,"name":"\u043f\u043e\u043b\u0438\u0442\u0438\u043a\u0430 \u043a\u043e\u043d\u0444\u0438\u0434\u0435\u043d\u0446\u0438\u0430\u043b\u044c\u043d\u043e\u0441\u0442\u0438"}]},{"@type":"WebSite","@id":"https:\/\/tekaonline.com\/it\/#website","url":"https:\/\/tekaonline.com\/it\/","name":"tekaonline.com","description":"stamping tools & jewellery making machines","potentialAction":[{"@type":"SearchAction","target":{"@type":"EntryPoint","urlTemplate":"https:\/\/tekaonline.com\/it\/?s={search_term_string}"},"query-input":{"@type":"PropertyValueSpecification","valueRequired":true,"valueName":"search_term_string"}}],"inLanguage":"it-IT"}]}},"_links":{"self":[{"href":"https:\/\/tekaonline.com\/it\/wp-json\/wp\/v2\/pages\/8252","targetHints":{"allow":["GET"]}}],"collection":[{"href":"https:\/\/tekaonline.com\/it\/wp-json\/wp\/v2\/pages"}],"about":[{"href":"https:\/\/tekaonline.com\/it\/wp-json\/wp\/v2\/types\/page"}],"author":[{"embeddable":true,"href":"https:\/\/tekaonline.com\/it\/wp-json\/wp\/v2\/users\/1"}],"replies":[{"embeddable":true,"href":"https:\/\/tekaonline.com\/it\/wp-json\/wp\/v2\/comments?post=8252"}],"version-history":[{"count":0,"href":"https:\/\/tekaonline.com\/it\/wp-json\/wp\/v2\/pages\/8252\/revisions"}],"wp:attachment":[{"href":"https:\/\/tekaonline.com\/it\/wp-json\/wp\/v2\/media?parent=8252"}],"curies":[{"name":"wp","href":"https:\/\/api.w.org\/{rel}","templated":true}]}}